{"id":69,"date":"2025-10-28T15:32:00","date_gmt":"2025-10-28T08:32:00","guid":{"rendered":"https:\/\/sieuvobeogiacam.com\/?post_type=product&#038;p=69"},"modified":"2025-11-13T08:52:32","modified_gmt":"2025-11-13T01:52:32","slug":"sieu-vo-beo-gia-cam-1kg","status":"publish","type":"product","link":"https:\/\/sieuvobeogiacam.com\/index.php\/san-pham\/sieu-vo-beo-gia-cam-1kg\/","title":{"rendered":"SI\u00caU V\u1ed6 B\u00c9O GIA C\u1ea6M 1KG"},"content":{"rendered":"<p data-start=\"454\" data-end=\"794\"><strong data-start=\"454\" data-end=\"486\">SI\u00caU V\u1ed6 B\u00c9O GIA C\u1ea6M \u2013 HAPPY @<\/strong>\u00a0l\u00e0 s\u1ea3n ph\u1ea9m dinh d\u01b0\u1ee1ng cao c\u1ea5p \u0111\u01b0\u1ee3c nghi\u00ean c\u1ee9u v\u00e0 s\u1ea3n xu\u1ea5t b\u1edfi <strong data-start=\"550\" data-end=\"592\">C\u00f4ng ty C\u1ed5 ph\u1ea7n Hi\u1ec1n Vinh T\u00e0i \u0110\u1ee9c Ph\u00fac<\/strong>, tr\u1ef1c thu\u1ed9c <strong data-start=\"605\" data-end=\"636\">T\u1eadp \u0111o\u00e0n \u0110\u1ee9c H\u1ea1nh Marphavet<\/strong>.<br data-start=\"637\" data-end=\"640\" \/>S\u1ea3n ph\u1ea9m cung c\u1ea5p <strong data-start=\"658\" data-end=\"715\">h\u1ec7 vitamin, kho\u00e1ng ch\u1ea5t, acid amin v\u00e0 enzyme ti\u00eau h\u00f3a<\/strong> gi\u00fap v\u1eadt nu\u00f4i <strong data-start=\"730\" data-end=\"791\">\u0103n kh\u1ecfe, h\u1ea5p thu t\u1ed1t, t\u0103ng c\u01a1 nhanh v\u00e0 m\u01b0\u1ee3t l\u00f4ng t\u1ef1 nhi\u00ean<\/strong>.<\/p>\n<p data-start=\"796\" data-end=\"823\">\ud83d\udcaa <strong data-start=\"799\" data-end=\"821\">C\u00f4ng d\u1ee5ng n\u1ed5i b\u1eadt:<\/strong><\/p>\n<ul data-start=\"824\" data-end=\"1088\">\n<li data-start=\"824\" data-end=\"881\">\n<p data-start=\"826\" data-end=\"881\">T\u0103ng h\u1ea5p thu d\u01b0\u1ee1ng ch\u1ea5t, k\u00edch th\u00edch \u0103n m\u1ea1nh \u2013 mau l\u1edbn<\/p>\n<\/li>\n<li data-start=\"882\" data-end=\"938\">\n<p data-start=\"884\" data-end=\"938\">Gi\u00fap <strong data-start=\"889\" data-end=\"929\">bung \u0111\u00f9i, \u0111\u1ea7y l\u01b0\u1eddn, n\u1edf m\u00f4ng, b\u1eadt c\u1ef1a<\/strong> r\u00f5 r\u1ec7t<\/p>\n<\/li>\n<li data-start=\"939\" data-end=\"987\">\n<p data-start=\"941\" data-end=\"987\">H\u1ed7 tr\u1ee3 <strong data-start=\"948\" data-end=\"985\">ph\u1ee5c h\u1ed3i th\u1ec3 tr\u1ea1ng nhanh sau b\u1ec7nh<\/strong><\/p>\n<\/li>\n<li data-start=\"988\" data-end=\"1029\">\n<p data-start=\"990\" data-end=\"1029\">Cho <strong data-start=\"994\" data-end=\"1027\">b\u1ed9 l\u00f4ng m\u01b0\u1ee3t, b\u00f3ng, kh\u1ecfe m\u1ea1nh<\/strong><\/p>\n<\/li>\n<li data-start=\"1030\" data-end=\"1088\">\n<p data-start=\"1032\" data-end=\"1088\">Gi\u00fap <strong data-start=\"1037\" data-end=\"1086\">\u0111\u00e0n g\u00e0 l\u1edbn \u0111\u1ec1u \u2013 ch\u1eafc th\u1ecbt \u2013 t\u0103ng tr\u1ecdng nhanh<\/strong><\/p>\n<\/li>\n<\/ul>\n<p data-start=\"1090\" data-end=\"1117\">\ud83d\udccc <strong data-start=\"1093\" data-end=\"1115\">\u0110\u1ed1i t\u01b0\u1ee3ng s\u1eed d\u1ee5ng:<\/strong><\/p>\n<ul data-start=\"1118\" data-end=\"1173\">\n<li data-start=\"1118\" data-end=\"1173\">\n<p data-start=\"1120\" data-end=\"1173\">G\u00e0 th\u1ecbt, g\u00e0 ta, g\u00e0 \u0111\u00e1, v\u1ecbt, ngan, c\u00fat, chim b\u1ed3 c\u00e2u\u2026<\/p>\n<\/li>\n<\/ul>\n<p data-start=\"1175\" data-end=\"1206\">\ud83e\uddee <strong data-start=\"1178\" data-end=\"1204\">Li\u1ec1u d\u00f9ng khuy\u1ebfn ngh\u1ecb:<\/strong><\/p>\n<ul data-start=\"1207\" data-end=\"1333\">\n<li data-start=\"1207\" data-end=\"1254\">\n<p data-start=\"1209\" data-end=\"1254\">Tr\u1ed9n 3\u20135g\/kg th\u1ee9c \u0103n ho\u1eb7c 1g\/l\u00edt n\u01b0\u1edbc u\u1ed1ng.<\/p>\n<\/li>\n<li data-start=\"1255\" data-end=\"1333\">\n<p data-start=\"1257\" data-end=\"1333\">D\u00f9ng li\u00ean t\u1ee5c 5\u20137 ng\u00e0y, ho\u1eb7c \u0111\u1ecbnh k\u1ef3 2\u20133 l\u1ea7n\/th\u00e1ng \u0111\u1ec3 \u0111\u1ea1t hi\u1ec7u qu\u1ea3 t\u1ed1i \u01b0u.<\/p>\n<\/li>\n<\/ul>\n<p data-start=\"1335\" data-end=\"1536\">\ud83d\udce6 <strong data-start=\"1338\" data-end=\"1351\">Quy c\u00e1ch:<\/strong> G\u00f3i 1kg<br data-start=\"1359\" data-end=\"1362\" \/>\ud83c\udfed <strong data-start=\"1365\" data-end=\"1382\">S\u1ea3n xu\u1ea5t t\u1ea1i:<\/strong> C\u00f4ng ty C\u1ed5 ph\u1ea7n Hi\u1ec1n Vinh T\u00e0i \u0110\u1ee9c Ph\u00fac \u2013 HAPPY <strong data-start=\"25\" data-end=\"72\">@<\/strong><br data-start=\"1430\" data-end=\"1433\" \/>\ud83d\udcde <strong data-start=\"1436\" data-end=\"1448\">Hotline:<\/strong> 0967 587 111<br data-start=\"1461\" data-end=\"1464\" \/>\ud83d\udccd <strong data-start=\"1467\" data-end=\"1479\">\u0110\u1ecba ch\u1ec9:<\/strong> TDP Thanh Xuy\u00ean 5, Ph\u01b0\u1eddng Trung Th\u00e0nh, TP. Th\u00e1i Nguy\u00ean<\/p>\n","protected":false},"excerpt":{"rendered":"<p><strong data-start=\"36\" data-end=\"82\">SI\u00caU V\u1ed6 B\u00c9O GIA C\u1ea6M HAPPY @ \u2013 Quy c\u00e1ch: 1KG<\/strong><br data-start=\"82\" data-end=\"85\" \/>Gi\u1ea3i ph\u00e1p t\u1ed1i \u01b0u gi\u00fap <strong data-start=\"107\" data-end=\"186\">bung \u0111\u00f9i \u2013 \u0111\u1ea7y l\u01b0\u1eddn \u2013 m\u01b0\u1ee3t l\u00f4ng \u2013 b\u1eadt c\u1ef1a \u2013 t\u0103ng tr\u1ecdng nhanh \u2013 l\u1edbn \u0111\u1ec1u \u0111\u00e0n.<\/strong><br data-start=\"186\" data-end=\"189\" \/>S\u1ea3n ph\u1ea9m \u0111\u1ea1t <strong data-start=\"202\" data-end=\"224\">ti\u00eau chu\u1ea9n GMP-WHO<\/strong>, <strong data-start=\"226\" data-end=\"261\">an to\u00e0n \u2013 hi\u1ec7u qu\u1ea3 \u2013 d\u1ec5 s\u1eed d\u1ee5ng<\/strong> cho m\u1ecdi m\u00f4 h\u00ecnh ch\u0103n nu\u00f4i.<br data-start=\"288\" data-end=\"291\" \/>\ud83d\udd25 <strong data-start=\"294\" data-end=\"322\">\u01afu \u0111\u00e3i c\u1ef1c s\u1ed1c: Gi\u1ea3m 35%<\/strong><br data-start=\"322\" data-end=\"325\" \/>\ud83d\ude9a <strong data-start=\"328\" data-end=\"372\" data-is-last-node=\"\">Freeship to\u00e0n qu\u1ed1c \u2013 Giao h\u00e0ng t\u1eadn tr\u1ea1i!<\/strong><\/p>\n","protected":false},"featured_media":78,"comment_status":"open","ping_status":"closed","template":"","meta":[],"product_brand":[],"product_cat":[16],"product_tag":[],"class_list":{"0":"post-69","1":"product","2":"type-product","3":"status-publish","4":"has-post-thumbnail","6":"product_cat-chua-phan-loai","8":"first","9":"instock","10":"sale","11":"shipping-taxable","12":"purchasable","13":"product-type-simple"},"jetpack_sharing_enabled":true,"_links":{"self":[{"href":"https:\/\/sieuvobeogiacam.com\/index.php\/wp-json\/wp\/v2\/product\/69","targetHints":{"allow":["GET"]}}],"collection":[{"href":"https:\/\/sieuvobeogiacam.com\/index.php\/wp-json\/wp\/v2\/product"}],"about":[{"href":"https:\/\/sieuvobeogiacam.com\/index.php\/wp-json\/wp\/v2\/types\/product"}],"replies":[{"embeddable":true,"href":"https:\/\/sieuvobeogiacam.com\/index.php\/wp-json\/wp\/v2\/comments?post=69"}],"wp:featuredmedia":[{"embeddable":true,"href":"https:\/\/sieuvobeogiacam.com\/index.php\/wp-json\/wp\/v2\/media\/78"}],"wp:attachment":[{"href":"https:\/\/sieuvobeogiacam.com\/index.php\/wp-json\/wp\/v2\/media?parent=69"}],"wp:term":[{"taxonomy":"product_brand","embeddable":true,"href":"https:\/\/sieuvobeogiacam.com\/index.php\/wp-json\/wp\/v2\/product_brand?post=69"},{"taxonomy":"product_cat","embeddable":true,"href":"https:\/\/sieuvobeogiacam.com\/index.php\/wp-json\/wp\/v2\/product_cat?post=69"},{"taxonomy":"product_tag","embeddable":true,"href":"https:\/\/sieuvobeogiacam.com\/index.php\/wp-json\/wp\/v2\/product_tag?post=69"}],"curies":[{"name":"wp","href":"https:\/\/api.w.org\/{rel}","templated":true}]}}