{"id":75,"date":"2025-10-28T15:37:06","date_gmt":"2025-10-28T08:37:06","guid":{"rendered":"https:\/\/sieuvobeogiacam.com\/?post_type=product&#038;p=75"},"modified":"2025-11-13T08:51:21","modified_gmt":"2025-11-13T01:51:21","slug":"sieu-vo-beo-gia-cam-thung-10kg","status":"publish","type":"product","link":"https:\/\/sieuvobeogiacam.com\/index.php\/san-pham\/sieu-vo-beo-gia-cam-thung-10kg\/","title":{"rendered":"SI\u00caU V\u1ed6 B\u00c9O GIA C\u1ea6M &#8211; TH\u00d9NG 10KG"},"content":{"rendered":"<article class=\"text-token-text-primary w-full focus:outline-none [--shadow-height:45px] has-data-writing-block:pointer-events-none has-data-writing-block:-mt-(--shadow-height) has-data-writing-block:pt-(--shadow-height) [&amp;:has([data-writing-block])&gt;*]:pointer-events-auto [content-visibility:auto] supports-[content-visibility:auto]:[contain-intrinsic-size:auto_100lvh] scroll-mt-[calc(var(--header-height)+min(200px,max(70px,20svh)))]\" dir=\"auto\" tabindex=\"-1\" data-turn-id=\"request-68f2083e-6b58-8322-b6ac-9ba017e7b1c9-7\" data-testid=\"conversation-turn-44\" data-scroll-anchor=\"true\" data-turn=\"assistant\">\n<div class=\"text-base my-auto mx-auto pb-10 [--thread-content-margin:--spacing(4)] thread-sm:[--thread-content-margin:--spacing(6)] thread-lg:[--thread-content-margin:--spacing(16)] px-(--thread-content-margin)\">\n<div class=\"[--thread-content-max-width:40rem] thread-lg:[--thread-content-max-width:48rem] mx-auto max-w-(--thread-content-max-width) flex-1 group\/turn-messages focus-visible:outline-hidden relative flex w-full min-w-0 flex-col agent-turn\" tabindex=\"-1\">\n<div class=\"flex max-w-full flex-col grow\">\n<div class=\"min-h-8 text-message relative flex w-full flex-col items-end gap-2 text-start break-words whitespace-normal [.text-message+&amp;]:mt-1\" dir=\"auto\" data-message-author-role=\"assistant\" data-message-id=\"3d5f13d8-686f-4c7f-a19c-a2d612d33573\" data-message-model-slug=\"gpt-5\">\n<div class=\"flex w-full flex-col gap-1 empty:hidden first:pt-[1px]\">\n<div class=\"markdown prose dark:prose-invert w-full break-words light markdown-new-styling\">\n<p data-start=\"326\" data-end=\"558\"><strong data-start=\"326\" data-end=\"361\">SI\u00caU V\u1ed6 B\u00c9O GIA C\u1ea6M HAPPY @ 10KG<\/strong> \u2013 gi\u1ea3i ph\u00e1p <strong data-start=\"374\" data-end=\"393\">si\u00eau t\u0103ng tr\u1ecdng<\/strong> d\u00e0nh cho m\u1ecdi m\u00f4 h\u00ecnh ch\u0103n nu\u00f4i gia c\u1ea7m: g\u00e0, v\u1ecbt, ngan, c\u00fat&#8230;<br data-start=\"455\" data-end=\"458\" \/>V\u1edbi <strong data-start=\"462\" data-end=\"540\">c\u00f4ng th\u1ee9c \u0111\u1eb7c bi\u1ec7t t\u1eeb vitamin, kho\u00e1ng ch\u1ea5t, enzyme ti\u00eau h\u00f3a v\u00e0 men vi sinh<\/strong>, s\u1ea3n ph\u1ea9m gi\u00fap:<\/p>\n<p data-start=\"560\" data-end=\"815\">\u2705 <strong data-start=\"562\" data-end=\"582\">T\u0103ng tr\u1ecdng nhanh<\/strong>, l\u1edbn \u0111\u1ec1u \u0111\u00e0n, n\u1edf m\u00f4ng \u2013 bung \u0111\u00f9i r\u00f5 r\u1ec7t.<br data-start=\"623\" data-end=\"626\" \/>\u2705 <strong data-start=\"628\" data-end=\"651\">M\u01b0\u1ee3t l\u00f4ng \u2013 b\u1eadt c\u1ef1a<\/strong>, gi\u00fap \u0111\u00e0n gia c\u1ea7m kh\u1ecfe m\u1ea1nh, \u0111\u1eb9p m\u00e3.<br data-start=\"688\" data-end=\"691\" \/>\u2705 <strong data-start=\"693\" data-end=\"714\">T\u0103ng s\u1ee9c \u0111\u1ec1 kh\u00e1ng<\/strong>, ch\u1ed1ng c\u00f2i c\u1ecdc, gi\u1ea3m ti\u00eau t\u1ed1n th\u1ee9c \u0103n.<br data-start=\"753\" data-end=\"756\" \/>\u2705 <strong data-start=\"758\" data-end=\"772\" data-is-only-node=\"\">D\u1ec5 s\u1eed d\u1ee5ng<\/strong>, c\u00f3 th\u1ec3 tr\u1ed9n v\u00e0o n\u01b0\u1edbc u\u1ed1ng ho\u1eb7c th\u1ee9c \u0103n.<\/p>\n<p data-start=\"817\" data-end=\"848\">\ud83d\udca7 <strong data-start=\"820\" data-end=\"846\">Li\u1ec1u d\u00f9ng khuy\u1ebfn ngh\u1ecb:<\/strong><\/p>\n<ul data-start=\"849\" data-end=\"968\">\n<li data-start=\"849\" data-end=\"904\">\n<p data-start=\"851\" data-end=\"904\">Giai \u0111o\u1ea1n \u00fam: 1g\/1\u20131.5 l\u00edt n\u01b0\u1edbc ho\u1eb7c 1g\/1kg th\u1ee9c \u0103n<\/p>\n<\/li>\n<li data-start=\"905\" data-end=\"968\">\n<p data-start=\"907\" data-end=\"968\">Giai \u0111o\u1ea1n t\u0103ng tr\u1ecdng: 1g\/1\u20132 l\u00edt n\u01b0\u1edbc ho\u1eb7c 1g\/1.5kg th\u1ee9c \u0103n<\/p>\n<\/li>\n<\/ul>\n<p data-start=\"970\" data-end=\"1175\" data-is-last-node=\"\" data-is-only-node=\"\">\ud83c\udfaf <strong data-start=\"973\" data-end=\"989\">Th\u01b0\u01a1ng hi\u1ec7u:<\/strong> HAPPY <strong data-start=\"25\" data-end=\"72\">@<\/strong><br data-start=\"996\" data-end=\"999\" \/>\ud83c\udfed <strong data-start=\"1002\" data-end=\"1019\">S\u1ea3n xu\u1ea5t b\u1edfi:<\/strong> C\u00d4NG TY C\u1ed4 PH\u1ea6N HI\u1ec0N VINH T\u00c0I \u0110\u1ee8C PH\u00daC HAPPY <strong data-start=\"25\" data-end=\"72\">@<\/strong> \u2013 thu\u1ed9c <strong data-start=\"1074\" data-end=\"1105\">T\u1eadp \u0111o\u00e0n \u0110\u1ee9c H\u1ea1nh Marphavet<\/strong><br data-start=\"1105\" data-end=\"1108\" \/>\ud83d\udce6 <strong data-start=\"1111\" data-end=\"1124\">Quy c\u00e1ch:<\/strong> 10KG<br data-start=\"1129\" data-end=\"1132\" \/>\ud83d\udd25 <strong data-start=\"1135\" data-end=\"1175\" data-is-last-node=\"\">Gi\u00e1 \u01b0u \u0111\u00e3i 35% \u2013 Freeship to\u00e0n qu\u1ed1c!<\/strong><\/p>\n<\/div>\n<\/div>\n<\/div>\n<\/div>\n<div class=\"z-0 flex min-h-[46px] justify-start\"><\/div>\n<div class=\"mt-3 w-full empty:hidden\">\n<div class=\"text-center\"><\/div>\n<\/div>\n<\/div>\n<\/div>\n<\/article>\n<div class=\"pointer-events-none h-px w-px\" aria-hidden=\"true\" data-edge=\"true\"><\/div>\n","protected":false},"excerpt":{"rendered":"<p><strong data-start=\"25\" data-end=\"72\">SI\u00caU V\u1ed6 B\u00c9O GIA C\u1ea6M HAPPY @ \u2013 Quy c\u00e1ch: 10KG<\/strong><br data-start=\"72\" data-end=\"75\" \/>Gi\u00fap <strong data-start=\"80\" data-end=\"159\">bung \u0111\u00f9i \u2013 \u0111\u1ea7y l\u01b0\u1eddn \u2013 m\u01b0\u1ee3t l\u00f4ng \u2013 b\u1eadt c\u1ef1a \u2013 t\u0103ng tr\u1ecdng nhanh \u2013 l\u1edbn \u0111\u1ec1u \u0111\u00e0n.<\/strong><br data-start=\"159\" data-end=\"162\" \/>S\u1ea3n ph\u1ea9m \u0111\u1ea1t <strong data-start=\"175\" data-end=\"197\">ti\u00eau chu\u1ea9n GMP-WHO<\/strong>, an to\u00e0n \u2013 hi\u1ec7u qu\u1ea3 \u2013 ti\u1ebft ki\u1ec7m chi ph\u00ed ch\u0103n nu\u00f4i.<br data-start=\"248\" data-end=\"251\" data-is-only-node=\"\" \/>\ud83d\udd25 <strong data-start=\"254\" data-end=\"293\">Gi\u1ea3m ngay 35% \u2013 Freeship to\u00e0n qu\u1ed1c!<\/strong><\/p>\n","protected":false},"featured_media":77,"comment_status":"open","ping_status":"closed","template":"","meta":[],"product_brand":[],"product_cat":[16],"product_tag":[],"class_list":{"0":"post-75","1":"product","2":"type-product","3":"status-publish","4":"has-post-thumbnail","6":"product_cat-chua-phan-loai","8":"first","9":"instock","10":"sale","11":"shipping-taxable","12":"purchasable","13":"product-type-simple"},"jetpack_sharing_enabled":true,"_links":{"self":[{"href":"https:\/\/sieuvobeogiacam.com\/index.php\/wp-json\/wp\/v2\/product\/75","targetHints":{"allow":["GET"]}}],"collection":[{"href":"https:\/\/sieuvobeogiacam.com\/index.php\/wp-json\/wp\/v2\/product"}],"about":[{"href":"https:\/\/sieuvobeogiacam.com\/index.php\/wp-json\/wp\/v2\/types\/product"}],"replies":[{"embeddable":true,"href":"https:\/\/sieuvobeogiacam.com\/index.php\/wp-json\/wp\/v2\/comments?post=75"}],"wp:featuredmedia":[{"embeddable":true,"href":"https:\/\/sieuvobeogiacam.com\/index.php\/wp-json\/wp\/v2\/media\/77"}],"wp:attachment":[{"href":"https:\/\/sieuvobeogiacam.com\/index.php\/wp-json\/wp\/v2\/media?parent=75"}],"wp:term":[{"taxonomy":"product_brand","embeddable":true,"href":"https:\/\/sieuvobeogiacam.com\/index.php\/wp-json\/wp\/v2\/product_brand?post=75"},{"taxonomy":"product_cat","embeddable":true,"href":"https:\/\/sieuvobeogiacam.com\/index.php\/wp-json\/wp\/v2\/product_cat?post=75"},{"taxonomy":"product_tag","embeddable":true,"href":"https:\/\/sieuvobeogiacam.com\/index.php\/wp-json\/wp\/v2\/product_tag?post=75"}],"curies":[{"name":"wp","href":"https:\/\/api.w.org\/{rel}","templated":true}]}}